{"id":17,"date":"2018-12-09T10:15:07","date_gmt":"2018-12-09T10:15:07","guid":{"rendered":"https:\/\/die-obstzeit.de\/?page_id=17"},"modified":"2018-12-09T11:34:49","modified_gmt":"2018-12-09T11:34:49","slug":"impressum","status":"publish","type":"page","link":"https:\/\/die-obstzeit.de\/?page_id=17","title":{"rendered":"Impressum"},"content":{"rendered":"\n<h2 class=\"wp-block-heading\">Rechtliche Hinweise bez\u00fcglich unseres Unternehmens und dieser Website zusammengefasst im Impressum<\/h2>\n\n\n\n<p>Sollten Sie Inhalte unserer Website in jeglicher Form weiterverwenden m\u00f6chten, kontaktieren Sie uns zuvor unbedingt.<\/p>\n\n\n\n<p>Alle Inhalte unterliegen dem Urheberrecht.<\/p>\n\n\n\n<p><strong>Post-Anschrift<\/strong><br>Die Obstzeit<br>Miodrag Cvetkovic<br>Am Bahndamm 31<br>63674 Altentadt<\/p>\n\n\n\n<p><strong>Kontakt<\/strong><\/p>\n\n\n\n<p>Mobil: 0171 \/ 68 322 43<br>E-Mail:&nbsp;<a href=\"mailto:dieobstzeit@outlook.de\">dieobstzeit@outlook.de<\/a><\/p>\n\n\n\n<p><strong>Inhaber<\/strong><br>Miodrag Cvetkovic<\/p>\n\n\n\n<p><strong>Haftung, Datenschutz und Copyright<\/strong><\/p>\n\n\n\n<p>Die Inhalte auf der Website www.die-obstzeit.de wurden mit h\u00f6chstm\u00f6glicher Sorgfalt erstellt. Eine Haftung f\u00fcr fehlerhafte oder unrichtige Informationen ist ausgeschlossen. Die&nbsp;in den Texten eventuell erw\u00e4hnten Markennamen und Warenzeichen sind gesch\u00fctztes Eigentum ihrer Inhaber.<\/p>\n\n\n\n<p>Die an uns&nbsp;\u00fcbermittelten Daten unterliegen den gesetzlichen Regelungen des Datenschutzes.<\/p>\n\n\n\n<p>Die Inhalte der Seiten wie Texte, Fotos und Grafiken sind urheberrechtlich gesch\u00fctzt. Eine Verwendung der Inhalte auf anderen Webseiten und allen anderen Medien bedarf der vorherigen schriftlichen Genehmigung durch den Inhaber von Die Obstzeit.<\/p>\n","protected":false},"excerpt":{"rendered":"<div class=\"entry-summary\">\n<div class=\"entry-summary\">\nRechtliche Hinweise bez\u00fcglich unseres Unternehmens und dieser Website zusammengefasst im Impressum Sollten&hellip;\n<\/div>\n<div class=\"link-more\"><a href=\"https:\/\/die-obstzeit.de\/?page_id=17\" class=\"more-link\">Continue reading<span class=\"screen-reader-text\"> &ldquo;Impressum&rdquo;<\/span>&hellip;<\/a><\/div>\n<\/div>\n<div class=\"link-more\"><a href=\"https:\/\/die-obstzeit.de\/?page_id=17\" class=\"more-link\">Continue reading<span class=\"screen-reader-text\"> &ldquo;Impressum&rdquo;<\/span>&hellip;<\/a><\/div>\n","protected":false},"author":1,"featured_media":0,"parent":0,"menu_order":0,"comment_status":"closed","ping_status":"closed","template":"page-template\/_fullwidth.php","meta":{"_acf_changed":false,"footnotes":""},"class_list":["post-17","page","type-page","status-publish","hentry","entry"],"acf":[],"jetpack_sharing_enabled":true,"_links":{"self":[{"href":"https:\/\/die-obstzeit.de\/index.php?rest_route=\/wp\/v2\/pages\/17","targetHints":{"allow":["GET"]}}],"collection":[{"href":"https:\/\/die-obstzeit.de\/index.php?rest_route=\/wp\/v2\/pages"}],"about":[{"href":"https:\/\/die-obstzeit.de\/index.php?rest_route=\/wp\/v2\/types\/page"}],"author":[{"embeddable":true,"href":"https:\/\/die-obstzeit.de\/index.php?rest_route=\/wp\/v2\/users\/1"}],"replies":[{"embeddable":true,"href":"https:\/\/die-obstzeit.de\/index.php?rest_route=%2Fwp%2Fv2%2Fcomments&post=17"}],"version-history":[{"count":3,"href":"https:\/\/die-obstzeit.de\/index.php?rest_route=\/wp\/v2\/pages\/17\/revisions"}],"predecessor-version":[{"id":76,"href":"https:\/\/die-obstzeit.de\/index.php?rest_route=\/wp\/v2\/pages\/17\/revisions\/76"}],"wp:attachment":[{"href":"https:\/\/die-obstzeit.de\/index.php?rest_route=%2Fwp%2Fv2%2Fmedia&parent=17"}],"curies":[{"name":"wp","href":"https:\/\/api.w.org\/{rel}","templated":true}]}}