{"id":13,"date":"2018-12-09T10:14:28","date_gmt":"2018-12-09T10:14:28","guid":{"rendered":"https:\/\/die-obstzeit.de\/?page_id=13"},"modified":"2019-01-30T13:21:44","modified_gmt":"2019-01-30T13:21:44","slug":"ueber-uns","status":"publish","type":"page","link":"https:\/\/die-obstzeit.de\/?page_id=13","title":{"rendered":"\u00dcber Uns"},"content":{"rendered":"\n<p style=\"text-align:left\">Wir sind ein Familienunternehmen, das mehr als 30 Jahre Erfahrung im Obst und Gem\u00fcse Gesch\u00e4ft mitbringt. 32 Jahre leiteten wir das Gesch\u00e4ft <em><strong>Siggi\u00b4s Obststubb<\/strong> <\/em>in der Innenstadt Frankfurt\u00b4s. Schon damals belieferten wir die B\u00fcros, Gastronomien und Kitas unserer Main &#8211; Metropole. Geboren in Frankfurt am Main, kennen wir die Region besser als unsere Westentasche; genau so wie das regionale Angebot der saisonalen Fr\u00fcchten. Wir lassen nicht liefern, sondern liefern unsere Produkte den Kunden pers\u00f6nlich.<\/p>\n\n\n\n<p>Schenken Sie uns Ihr Vertrauen und glauben Sie an unsere Erfahrung, die wir in mehr als 3 Jahrzehnten angesammelt haben. Probieren Sie uns aus und kosten Sie unser frisches Gem\u00fcse und leckeres Obst. <\/p>\n","protected":false},"excerpt":{"rendered":"<div class=\"entry-summary\">\n<div class=\"entry-summary\">\nWir sind ein Familienunternehmen, das mehr als 30 Jahre Erfahrung im Obst&hellip;\n<\/div>\n<div class=\"link-more\"><a href=\"https:\/\/die-obstzeit.de\/?page_id=13\" class=\"more-link\">Continue reading<span class=\"screen-reader-text\"> &ldquo;\u00dcber Uns&rdquo;<\/span>&hellip;<\/a><\/div>\n<\/div>\n<div class=\"link-more\"><a href=\"https:\/\/die-obstzeit.de\/?page_id=13\" class=\"more-link\">Continue reading<span class=\"screen-reader-text\"> &ldquo;\u00dcber Uns&rdquo;<\/span>&hellip;<\/a><\/div>\n","protected":false},"author":1,"featured_media":0,"parent":0,"menu_order":0,"comment_status":"closed","ping_status":"closed","template":"page-template\/_fullwidth.php","meta":{"_acf_changed":false,"footnotes":""},"class_list":["post-13","page","type-page","status-publish","hentry","entry"],"acf":[],"jetpack_sharing_enabled":true,"_links":{"self":[{"href":"https:\/\/die-obstzeit.de\/index.php?rest_route=\/wp\/v2\/pages\/13","targetHints":{"allow":["GET"]}}],"collection":[{"href":"https:\/\/die-obstzeit.de\/index.php?rest_route=\/wp\/v2\/pages"}],"about":[{"href":"https:\/\/die-obstzeit.de\/index.php?rest_route=\/wp\/v2\/types\/page"}],"author":[{"embeddable":true,"href":"https:\/\/die-obstzeit.de\/index.php?rest_route=\/wp\/v2\/users\/1"}],"replies":[{"embeddable":true,"href":"https:\/\/die-obstzeit.de\/index.php?rest_route=%2Fwp%2Fv2%2Fcomments&post=13"}],"version-history":[{"count":11,"href":"https:\/\/die-obstzeit.de\/index.php?rest_route=\/wp\/v2\/pages\/13\/revisions"}],"predecessor-version":[{"id":153,"href":"https:\/\/die-obstzeit.de\/index.php?rest_route=\/wp\/v2\/pages\/13\/revisions\/153"}],"wp:attachment":[{"href":"https:\/\/die-obstzeit.de\/index.php?rest_route=%2Fwp%2Fv2%2Fmedia&parent=13"}],"curies":[{"name":"wp","href":"https:\/\/api.w.org\/{rel}","templated":true}]}}