{"id":11,"date":"2018-12-09T10:14:13","date_gmt":"2018-12-09T10:14:13","guid":{"rendered":"https:\/\/die-obstzeit.de\/?page_id=11"},"modified":"2024-03-13T12:41:01","modified_gmt":"2024-03-13T12:41:01","slug":"produkte","status":"publish","type":"page","link":"https:\/\/die-obstzeit.de\/?page_id=11","title":{"rendered":"Unsere Produkte"},"content":{"rendered":"\n<h2 class=\"wp-block-heading\">Korb S<\/h2>\n\n\n\n<figure class=\"wp-block-image\"><img loading=\"lazy\" decoding=\"async\" width=\"1020\" height=\"495\" src=\"https:\/\/die-obstzeit.de\/wp-content\/uploads\/2019\/02\/IMG-20190218-WA0016-1020x495.jpg\" alt=\"\" class=\"wp-image-160\" srcset=\"https:\/\/die-obstzeit.de\/wp-content\/uploads\/2019\/02\/IMG-20190218-WA0016-1020x495.jpg 1020w, https:\/\/die-obstzeit.de\/wp-content\/uploads\/2019\/02\/IMG-20190218-WA0016-632x307.jpg 632w, https:\/\/die-obstzeit.de\/wp-content\/uploads\/2019\/02\/IMG-20190218-WA0016-768x373.jpg 768w, https:\/\/die-obstzeit.de\/wp-content\/uploads\/2019\/02\/IMG-20190218-WA0016.jpg 1600w\" sizes=\"auto, (max-width: 1020px) 100vw, 1020px\" \/><figcaption class=\"wp-element-caption\">Ca. 4 Kg<br>\u00c4pfel\/Bananen\/Birnen\/Clementinen\/Susinen<br>Preise auf Anfrage.<\/figcaption><\/figure>\n\n\n\n<h2 class=\"wp-block-heading\">Korb M <\/h2>\n\n\n\n<figure class=\"wp-block-image\"><img loading=\"lazy\" decoding=\"async\" width=\"1020\" height=\"495\" src=\"https:\/\/die-obstzeit.de\/wp-content\/uploads\/2019\/02\/IMG-20190218-WA0019-1020x495.jpg\" alt=\"\" class=\"wp-image-162\" srcset=\"https:\/\/die-obstzeit.de\/wp-content\/uploads\/2019\/02\/IMG-20190218-WA0019-1020x495.jpg 1020w, https:\/\/die-obstzeit.de\/wp-content\/uploads\/2019\/02\/IMG-20190218-WA0019-632x307.jpg 632w, https:\/\/die-obstzeit.de\/wp-content\/uploads\/2019\/02\/IMG-20190218-WA0019-768x373.jpg 768w, https:\/\/die-obstzeit.de\/wp-content\/uploads\/2019\/02\/IMG-20190218-WA0019.jpg 1600w\" sizes=\"auto, (max-width: 1020px) 100vw, 1020px\" \/><figcaption class=\"wp-element-caption\"> Ca. 6,5 Kg <br>\u00c4pfel\/Bananen\/Birnen\/Clementinen\/Trauben\/Susinen\/Snack-<br>Gem\u00fcse<br>Preise auf Anfrage.<\/figcaption><\/figure>\n\n\n\n<h2 class=\"wp-block-heading\">Korb L<\/h2>\n\n\n\n<figure class=\"wp-block-image\"><img loading=\"lazy\" decoding=\"async\" width=\"1020\" height=\"495\" src=\"https:\/\/die-obstzeit.de\/wp-content\/uploads\/2019\/02\/IMG-20190218-WA0018-1020x495.jpg\" alt=\"\" class=\"wp-image-163\" srcset=\"https:\/\/die-obstzeit.de\/wp-content\/uploads\/2019\/02\/IMG-20190218-WA0018-1020x495.jpg 1020w, https:\/\/die-obstzeit.de\/wp-content\/uploads\/2019\/02\/IMG-20190218-WA0018-632x307.jpg 632w, https:\/\/die-obstzeit.de\/wp-content\/uploads\/2019\/02\/IMG-20190218-WA0018-768x373.jpg 768w, https:\/\/die-obstzeit.de\/wp-content\/uploads\/2019\/02\/IMG-20190218-WA0018.jpg 1600w\" sizes=\"auto, (max-width: 1020px) 100vw, 1020px\" \/><figcaption class=\"wp-element-caption\">Ca. 9 Kg<br>\u00c4pfel\/Bananen\/Birnen\/Clementinen\/Trauben\/N\u00fcsse\/Susinen\/<br>Kiwi\/Snack-Gem\u00fcse<br>Preise auf Anfrage.<\/figcaption><\/figure>\n\n\n\n<h2 class=\"wp-block-heading\">Korb XL<\/h2>\n\n\n\n<figure class=\"wp-block-image\"><img loading=\"lazy\" decoding=\"async\" width=\"1020\" height=\"495\" src=\"https:\/\/die-obstzeit.de\/wp-content\/uploads\/2019\/02\/IMG-20190218-WA0017-1020x495.jpg\" alt=\"\" class=\"wp-image-164\" srcset=\"https:\/\/die-obstzeit.de\/wp-content\/uploads\/2019\/02\/IMG-20190218-WA0017-1020x495.jpg 1020w, https:\/\/die-obstzeit.de\/wp-content\/uploads\/2019\/02\/IMG-20190218-WA0017-632x307.jpg 632w, https:\/\/die-obstzeit.de\/wp-content\/uploads\/2019\/02\/IMG-20190218-WA0017-768x373.jpg 768w, https:\/\/die-obstzeit.de\/wp-content\/uploads\/2019\/02\/IMG-20190218-WA0017.jpg 1600w\" sizes=\"auto, (max-width: 1020px) 100vw, 1020px\" \/><figcaption class=\"wp-element-caption\">Ca 13 Kg<br>Ananas\/Melone\/Trauben\/Zitrusfr\u00fcchte\/Ingwer\/Snack-Gem\u00fcse usw&#8230;<br>Ein Korb zum verzaubern.<br>Preise auf Anfrage.<br><\/figcaption><\/figure>\n\n\n\n<blockquote class=\"wp-block-quote has-text-align-left is-layout-flow wp-block-quote-is-layout-flow\">\n<p><em>Verehrte Kunden,<\/em><\/p>\n\n\n\n<p><em>wir freuen uns, Sie hier auf unserer Webseite begr\u00fc\u00dfen zu d\u00fcrfen.<\/em><\/p>\n\n\n\n<p><em>Wir bieten Ihnen zahlreiche gesunde und vitaminhaltige K\u00f6stlichkeiten an.<\/em><\/p>\n\n\n\n<p><em>Uns liegt alles daran, Ihre W\u00fcnsche vollkommen zu erf\u00fcllen.<\/em><\/p>\n\n\n\n<p><em>Aus diesem Grund k\u00f6nnen Sie bei uns Ihrem ganz eigenen Obst und Gem\u00fcse K\u00f6rbe zusammenstellen.<\/em><\/p>\n\n\n\n<p><em>Um Ihnen die Auswahl zu erleichtern, haben wir f\u00fcr Sie eine Zusammenstellung unserer meist gew\u00fcnschten Obst und Gem\u00fcse K\u00f6rbe angefertigt, sodass Sie zeitsparend und unkompliziert Ihre Bestellung t\u00e4tigen k\u00f6nnen.<\/em><\/p>\n\n\n\n<p><em>Wir beliefern haupts\u00e4chlich die Metropolregion Frankfurt am Main sowie die Region Gemeinde Altenstadt \/ Hessen. Bei \u00dcbernahme der Fahrtenpauschale liefern wir auch gerne au\u00dferhalb von Frankfurt am Main. Die Lieferung innerhalb der Innenstadt Frankfurt&#8217;s erfolgt somit <\/em><strong><em>freihaus.<\/em><\/strong><em> Bitte beachten Sie unseren Mindestbestellwert in H\u00f6he von 20\u20ac. <\/em><\/p>\n\n\n\n<p><em>Bei uns ist Pr\u00e4misse &#8222;Der Kunde ist K\u00f6nig&#8220; nicht nur eine Redensart. \u00dcberzeugen Sie sich selbst.  <\/em><\/p>\n\n\n\n<p><\/p>\n<\/blockquote>\n","protected":false},"excerpt":{"rendered":"<div class=\"entry-summary\">\n<div class=\"entry-summary\">\nKorb S Korb M Korb L Korb XL Verehrte Kunden, wir freuen&hellip;\n<\/div>\n<div class=\"link-more\"><a href=\"https:\/\/die-obstzeit.de\/?page_id=11\" class=\"more-link\">Continue reading<span class=\"screen-reader-text\"> &ldquo;Unsere Produkte&rdquo;<\/span>&hellip;<\/a><\/div>\n<\/div>\n<div class=\"link-more\"><a href=\"https:\/\/die-obstzeit.de\/?page_id=11\" class=\"more-link\">Continue reading<span class=\"screen-reader-text\"> &ldquo;Unsere Produkte&rdquo;<\/span>&hellip;<\/a><\/div>\n","protected":false},"author":1,"featured_media":0,"parent":0,"menu_order":0,"comment_status":"closed","ping_status":"closed","template":"page-template\/_fullwidth.php","meta":{"_acf_changed":false,"footnotes":""},"class_list":["post-11","page","type-page","status-publish","hentry","entry"],"acf":[],"jetpack_sharing_enabled":true,"_links":{"self":[{"href":"https:\/\/die-obstzeit.de\/index.php?rest_route=\/wp\/v2\/pages\/11","targetHints":{"allow":["GET"]}}],"collection":[{"href":"https:\/\/die-obstzeit.de\/index.php?rest_route=\/wp\/v2\/pages"}],"about":[{"href":"https:\/\/die-obstzeit.de\/index.php?rest_route=\/wp\/v2\/types\/page"}],"author":[{"embeddable":true,"href":"https:\/\/die-obstzeit.de\/index.php?rest_route=\/wp\/v2\/users\/1"}],"replies":[{"embeddable":true,"href":"https:\/\/die-obstzeit.de\/index.php?rest_route=%2Fwp%2Fv2%2Fcomments&post=11"}],"version-history":[{"count":19,"href":"https:\/\/die-obstzeit.de\/index.php?rest_route=\/wp\/v2\/pages\/11\/revisions"}],"predecessor-version":[{"id":177,"href":"https:\/\/die-obstzeit.de\/index.php?rest_route=\/wp\/v2\/pages\/11\/revisions\/177"}],"wp:attachment":[{"href":"https:\/\/die-obstzeit.de\/index.php?rest_route=%2Fwp%2Fv2%2Fmedia&parent=11"}],"curies":[{"name":"wp","href":"https:\/\/api.w.org\/{rel}","templated":true}]}}